{"id":22,"date":"2016-05-24T22:48:57","date_gmt":"2016-05-24T22:48:57","guid":{"rendered":"http:\/\/solucionahosting.com\/manuales\/?page_id=22"},"modified":"2016-05-26T14:21:28","modified_gmt":"2016-05-26T14:21:28","slug":"quienes-somos","status":"publish","type":"page","link":"https:\/\/solucionahosting.com\/manuales\/quienes-somos\/","title":{"rendered":"Quienes Somos"},"content":{"rendered":"<p style=\"text-align: justify;\"><strong>Soluciona<\/strong>, nombre comercial de Global Networks and IT SA de CV, es una empresa de integraci\u00f3n de productos con consultor\u00eda y servicios fundada en 1999 con el fin de implantar las m\u00e1s innovadoras soluciones tecnol\u00f3gicas disponibles para los requerimientos de las PYMES mexicanas.<\/p>\n<p style=\"text-align: justify;\"><strong>Misi\u00f3n:<\/strong><\/p>\n<p style=\"text-align: justify;\">Brindar servicios de tecnolog\u00eda de informaci\u00f3n a trav\u00e9s de especialistas comprometidos con la excelencia por medio los valores de responsabilidad y amabilidad para cada proyecto de implementaci\u00f3n de tecnolog\u00eda en las pymes, integrando las mejores marcas en ti que proporcionen la mayor rentabilidad y productividad que satisfaga las necesidades y garantice la continuidad de operaciones.<\/p>\n<p style=\"text-align: justify;\"><strong>Visi\u00f3n:<\/strong><\/p>\n<p style=\"text-align: justify;\">Ser l\u00edderes y pioneros en la implementaci\u00f3n de soluciones de TI para PYMES a nivel Nacional, siendo competitivos de manera Global, al respaldar los servicios con los m\u00e1s altos est\u00e1ndares de calidad.<\/p>\n<p style=\"text-align: justify;\">Nuestro compromiso con la calidad en el servicio, nos ha llevado a la tarea de certificarnos en ISO20000.<\/p>\n<p style=\"text-align: justify;\">As\u00ed mismo, somo socios de La C\u00e1mara Mexicano-Alemana de Comercio e Industria (CAMEXA)<\/p>\n","protected":false},"excerpt":{"rendered":"<p>Soluciona, nombre comercial de Global Networks and IT SA de CV, es una empresa de integraci\u00f3n de productos con consultor\u00eda y servicios fundada en 1999 con el fin de implantar las m\u00e1s innovadoras soluciones tecnol\u00f3gicas disponibles para los requerimientos de las PYMES mexicanas. Misi\u00f3n: Brindar servicios de tecnolog\u00eda de informaci\u00f3n a trav\u00e9s de especialistas comprometidos con la excelencia por medio los valores de responsabilidad y amabilidad para cada proyecto de implementaci\u00f3n de tecnolog\u00eda en las pymes, integrando las mejores marcas en ti que proporcionen la mayor rentabilidad y productividad que&#8230;<\/p>\n","protected":false},"author":1,"featured_media":0,"parent":0,"menu_order":0,"comment_status":"closed","ping_status":"closed","template":"","meta":{"footnotes":""},"class_list":["post-22","page","type-page","status-publish","hentry"],"_links":{"self":[{"href":"https:\/\/solucionahosting.com\/manuales\/wp-json\/wp\/v2\/pages\/22","targetHints":{"allow":["GET"]}}],"collection":[{"href":"https:\/\/solucionahosting.com\/manuales\/wp-json\/wp\/v2\/pages"}],"about":[{"href":"https:\/\/solucionahosting.com\/manuales\/wp-json\/wp\/v2\/types\/page"}],"author":[{"embeddable":true,"href":"https:\/\/solucionahosting.com\/manuales\/wp-json\/wp\/v2\/users\/1"}],"replies":[{"embeddable":true,"href":"https:\/\/solucionahosting.com\/manuales\/wp-json\/wp\/v2\/comments?post=22"}],"version-history":[{"count":2,"href":"https:\/\/solucionahosting.com\/manuales\/wp-json\/wp\/v2\/pages\/22\/revisions"}],"predecessor-version":[{"id":53,"href":"https:\/\/solucionahosting.com\/manuales\/wp-json\/wp\/v2\/pages\/22\/revisions\/53"}],"wp:attachment":[{"href":"https:\/\/solucionahosting.com\/manuales\/wp-json\/wp\/v2\/media?parent=22"}],"curies":[{"name":"wp","href":"https:\/\/api.w.org\/{rel}","templated":true}]}}